{"id":369,"date":"2024-01-06T13:53:06","date_gmt":"2024-01-06T12:53:06","guid":{"rendered":"https:\/\/thetallguy.fr\/?page_id=369"},"modified":"2025-11-22T15:59:02","modified_gmt":"2025-11-22T14:59:02","slug":"astronomie","status":"publish","type":"page","link":"https:\/\/thetallguy.fr\/index.php\/astronomie\/","title":{"rendered":"Astronomy"},"content":{"rendered":"<h5>Datas<\/h5>\n<pre><a href=\"https:\/\/thetallguy.fr\/index.php\/astronomie\/ephemerides-universelles\/\">Eph\u00e9m\u00e9ride plan\u00e9taire universel<\/a>  <br \/><a href=\"https:\/\/thetallguy.fr\/index.php\/astronomie\/astronomy\/\">Astronomie plan\u00e9taire<\/a><\/pre>\n<pre><a href=\"https:\/\/thetallguy.fr\/index.php\/astronomie\/astrophotographie\/\">Calculateur d\u2019\u00e9l\u00e9vationCalculateur d\u2019\u00e9l\u00e9vation pour la mise en station de la lunette astronomique<\/a><br \/><a href=\"https:\/\/thetallguy.fr\/index.php\/astronomie\/outil-calculateur-de-distances-interplanetaires\/\">Calculateur de distance entre les plan\u00e8tes du syst\u00e8me solaire<\/a><\/pre>\n<pre>\u00a0<\/pre>\n<h5>Astrophotography<\/h5>\n<pre><a href=\"https:\/\/thetallguy.fr\/index.php\/astronomie\/tutoriel-pixinsight\/\">PixInsight Tutorial<\/a><\/pre>\n<pre class=\"wp-block-preformatted has-text-color has-link-color wp-elements-0a2bf6342f2127555cfe91715dd576e0\"><a href=\"https:\/\/thetallguy.fr\/index.php\/astronomie\/nebuleuse-de-la-rosette\/\">Rosette Nebula<\/a><br \/><a href=\"https:\/\/thetallguy.fr\/index.php\/astronomie\/the-horsehead-nebula-ic434\/\">Horsehead Nebula<\/a><\/pre>\n<pre><a href=\"https:\/\/thetallguy.fr\/index.php\/astronomie\/tutoriel-pixinsight\/traitement-de-la-nebuleuse-de-la-tete-de-cheval-ic434\/\">Traitement de la n\u00e9buleuse de la t\u00eate de cheval IC434<\/a><\/pre>\n<pre class=\"wp-block-preformatted has-text-color has-link-color wp-elements-0a2bf6342f2127555cfe91715dd576e0\">\u00a0<\/pre>\n\n\n<p><\/p>\n\n\n\n<p><\/p>\n","protected":false},"excerpt":{"rendered":"<p>Datas Eph\u00e9m\u00e9ride plan\u00e9taire universel Astronomie plan\u00e9taire Calculateur d\u2019\u00e9l\u00e9vationCalculateur d\u2019\u00e9l\u00e9vation pour la mise en station de la lunette astronomiqueCalculateur de distance entre les plan\u00e8tes du syst\u00e8me solaire \u00a0 Astrophotography PixInsight Tutorial Rosette NebulaHorsehead Nebula Traitement de la n\u00e9buleuse de la t\u00eate de cheval IC434 \u00a0<\/p>\n","protected":false},"author":1,"featured_media":0,"parent":0,"menu_order":1,"comment_status":"closed","ping_status":"closed","template":"sous-sommaire","meta":{"footnotes":""},"class_list":["post-369","page","type-page","status-publish","hentry"],"_links":{"self":[{"href":"https:\/\/thetallguy.fr\/index.php\/wp-json\/wp\/v2\/pages\/369","targetHints":{"allow":["GET"]}}],"collection":[{"href":"https:\/\/thetallguy.fr\/index.php\/wp-json\/wp\/v2\/pages"}],"about":[{"href":"https:\/\/thetallguy.fr\/index.php\/wp-json\/wp\/v2\/types\/page"}],"author":[{"embeddable":true,"href":"https:\/\/thetallguy.fr\/index.php\/wp-json\/wp\/v2\/users\/1"}],"replies":[{"embeddable":true,"href":"https:\/\/thetallguy.fr\/index.php\/wp-json\/wp\/v2\/comments?post=369"}],"version-history":[{"count":20,"href":"https:\/\/thetallguy.fr\/index.php\/wp-json\/wp\/v2\/pages\/369\/revisions"}],"predecessor-version":[{"id":1206,"href":"https:\/\/thetallguy.fr\/index.php\/wp-json\/wp\/v2\/pages\/369\/revisions\/1206"}],"wp:attachment":[{"href":"https:\/\/thetallguy.fr\/index.php\/wp-json\/wp\/v2\/media?parent=369"}],"curies":[{"name":"wp","href":"https:\/\/api.w.org\/{rel}","templated":true}]}}