{"id":127,"date":"2023-12-30T22:40:39","date_gmt":"2023-12-30T21:40:39","guid":{"rendered":"https:\/\/thetallguy.fr\/index.php\/front_page\/"},"modified":"2024-01-28T17:58:09","modified_gmt":"2024-01-28T16:58:09","slug":"front_page","status":"publish","type":"page","link":"https:\/\/thetallguy.fr\/","title":{"rendered":"The Tall Guy"},"content":{"rendered":"<ul class=\"wp-block-page-list\"><li class=\"wp-block-pages-list__item has-child\"><a class=\"wp-block-pages-list__item__link\" href=\"https:\/\/thetallguy.fr\/index.php\/photography\/\">Photography<\/a><ul class=\"wp-block-navigation__submenu-container\"><li class=\"wp-block-pages-list__item \"><a class=\"wp-block-pages-list__item__link\" href=\"https:\/\/thetallguy.fr\/index.php\/photography\/black-and-white-photography\/\">Black and White Photography<\/a><\/li><li class=\"wp-block-pages-list__item \"><a class=\"wp-block-pages-list__item__link\" href=\"https:\/\/thetallguy.fr\/index.php\/photography\/food-photography\/\">Food photography<\/a><\/li><li class=\"wp-block-pages-list__item \"><a class=\"wp-block-pages-list__item__link\" href=\"https:\/\/thetallguy.fr\/index.php\/photography\/landscape-photography\/\">Landscape Photography<\/a><\/li><li class=\"wp-block-pages-list__item \"><a class=\"wp-block-pages-list__item__link\" href=\"https:\/\/thetallguy.fr\/index.php\/photography\/panorama-xpan\/\">Panorama XPan<\/a><\/li><li class=\"wp-block-pages-list__item \"><a class=\"wp-block-pages-list__item__link\" href=\"https:\/\/thetallguy.fr\/index.php\/photography\/26feb2024-photography\/\">Photography February 2024<\/a><\/li><li class=\"wp-block-pages-list__item \"><a class=\"wp-block-pages-list__item__link\" href=\"https:\/\/thetallguy.fr\/index.php\/photography\/vinted-shoes-workshop\/\">Vinted Shoes Workshop<\/a><\/li><li class=\"wp-block-pages-list__item \"><a class=\"wp-block-pages-list__item__link\" href=\"https:\/\/thetallguy.fr\/index.php\/photography\/photos-leica\/\">The Tall Photos<\/a><\/li><\/ul><\/li><li class=\"wp-block-pages-list__item has-child\"><a class=\"wp-block-pages-list__item__link\" href=\"https:\/\/thetallguy.fr\/index.php\/tutoriels\/\">Tutoriels<\/a><ul class=\"wp-block-navigation__submenu-container\"><li class=\"wp-block-pages-list__item \"><a class=\"wp-block-pages-list__item__link\" href=\"https:\/\/thetallguy.fr\/index.php\/tutoriels\/convertir-un-fichier-avi-en-mpeg\/\">Convertir un fichier AVI en MPEG<\/a><\/li><li class=\"wp-block-pages-list__item \"><a class=\"wp-block-pages-list__item__link\" href=\"https:\/\/thetallguy.fr\/index.php\/tutoriels\/tutoriel-virtualdub\/\">Tutoriel VirtualDub<\/a><\/li><li class=\"wp-block-pages-list__item \"><a class=\"wp-block-pages-list__item__link\" href=\"https:\/\/thetallguy.fr\/index.php\/tutoriels\/video-carree-destinee-a-instagram\/\">Vid\u00e9o carr\u00e9e destin\u00e9e \u00e0 Instagram<\/a><\/li><\/ul><\/li><li class=\"wp-block-pages-list__item has-child\"><a class=\"wp-block-pages-list__item__link\" href=\"https:\/\/thetallguy.fr\/index.php\/astronomie\/\">Astronomy<\/a><ul class=\"wp-block-navigation__submenu-container\"><li class=\"wp-block-pages-list__item \"><a class=\"wp-block-pages-list__item__link\" href=\"https:\/\/thetallguy.fr\/index.php\/astronomie\/ephemerides-universelles\/\">\u00c9ph\u00e9m\u00e9rides Universelles<\/a><\/li><li class=\"wp-block-pages-list__item \"><a class=\"wp-block-pages-list__item__link\" href=\"https:\/\/thetallguy.fr\/index.php\/astronomie\/outil-calculateur-de-distances-interplanetaires\/\">Outil : Calculateur de distances interplan\u00e9taires<\/a><\/li><li class=\"wp-block-pages-list__item \"><a class=\"wp-block-pages-list__item__link\" href=\"https:\/\/thetallguy.fr\/index.php\/astronomie\/the-3-body-problem\/\">The 3 body problem<\/a><\/li><li class=\"wp-block-pages-list__item \"><a class=\"wp-block-pages-list__item__link\" href=\"https:\/\/thetallguy.fr\/index.php\/astronomie\/astronomy\/\">Astronomie plan\u00e9taire<\/a><\/li><li class=\"wp-block-pages-list__item \"><a class=\"wp-block-pages-list__item__link\" href=\"https:\/\/thetallguy.fr\/index.php\/astronomie\/astrophotographie\/\">Calculateur d&#8217;\u00e9l\u00e9vation pour la mise en station de la lunette astronomique<\/a><\/li><li class=\"wp-block-pages-list__item \"><a class=\"wp-block-pages-list__item__link\" href=\"https:\/\/thetallguy.fr\/index.php\/astronomie\/tutoriel-pixinsight\/\">PixInsight Tutorial<\/a><\/li><li class=\"wp-block-pages-list__item \"><a class=\"wp-block-pages-list__item__link\" href=\"https:\/\/thetallguy.fr\/index.php\/astronomie\/nebuleuse-de-la-rosette\/\">Rosette Nebula<\/a><\/li><li class=\"wp-block-pages-list__item \"><a class=\"wp-block-pages-list__item__link\" href=\"https:\/\/thetallguy.fr\/index.php\/astronomie\/the-horsehead-nebula-ic434\/\">Horsehead Nebula IC434<\/a><\/li><\/ul><\/li><li class=\"wp-block-pages-list__item has-child\"><a class=\"wp-block-pages-list__item__link\" href=\"https:\/\/thetallguy.fr\/index.php\/page-de-garde-des-jeux\/\">The Tall Games<\/a><ul class=\"wp-block-navigation__submenu-container\"><li class=\"wp-block-pages-list__item \"><a class=\"wp-block-pages-list__item__link\" href=\"https:\/\/thetallguy.fr\/index.php\/page-de-garde-des-jeux\/jeu-du-pendu-2\/\">The Tall Hangman Game<\/a><\/li><\/ul><\/li><li class=\"wp-block-pages-list__item\"><a class=\"wp-block-pages-list__item__link\" href=\"https:\/\/thetallguy.fr\/index.php\/fractale-by-the-tall\/\">Fractale by The Tall Guy<\/a><\/li><li class=\"wp-block-pages-list__item\"><a class=\"wp-block-pages-list__item__link\" href=\"https:\/\/thetallguy.fr\/index.php\/blog\/\">Blog<\/a><\/li><li class=\"wp-block-pages-list__item menu-item-home\"><a class=\"wp-block-pages-list__item__link\" href=\"https:\/\/thetallguy.fr\/\">The Tall Guy<\/a><\/li><\/ul>","protected":false},"excerpt":{"rendered":"","protected":false},"author":1,"featured_media":202,"parent":0,"menu_order":9,"comment_status":"open","ping_status":"closed","template":"sous-sommaire","meta":{"footnotes":""},"class_list":["post-127","page","type-page","status-publish","has-post-thumbnail","hentry"],"_links":{"self":[{"href":"https:\/\/thetallguy.fr\/index.php\/wp-json\/wp\/v2\/pages\/127","targetHints":{"allow":["GET"]}}],"collection":[{"href":"https:\/\/thetallguy.fr\/index.php\/wp-json\/wp\/v2\/pages"}],"about":[{"href":"https:\/\/thetallguy.fr\/index.php\/wp-json\/wp\/v2\/types\/page"}],"author":[{"embeddable":true,"href":"https:\/\/thetallguy.fr\/index.php\/wp-json\/wp\/v2\/users\/1"}],"replies":[{"embeddable":true,"href":"https:\/\/thetallguy.fr\/index.php\/wp-json\/wp\/v2\/comments?post=127"}],"version-history":[{"count":11,"href":"https:\/\/thetallguy.fr\/index.php\/wp-json\/wp\/v2\/pages\/127\/revisions"}],"predecessor-version":[{"id":630,"href":"https:\/\/thetallguy.fr\/index.php\/wp-json\/wp\/v2\/pages\/127\/revisions\/630"}],"wp:featuredmedia":[{"embeddable":true,"href":"https:\/\/thetallguy.fr\/index.php\/wp-json\/wp\/v2\/media\/202"}],"wp:attachment":[{"href":"https:\/\/thetallguy.fr\/index.php\/wp-json\/wp\/v2\/media?parent=127"}],"curies":[{"name":"wp","href":"https:\/\/api.w.org\/{rel}","templated":true}]}}