{"id":1171,"date":"2024-12-15T22:21:57","date_gmt":"2024-12-15T21:21:57","guid":{"rendered":"https:\/\/thetallguy.fr\/?page_id=1171"},"modified":"2024-12-15T22:30:18","modified_gmt":"2024-12-15T21:30:18","slug":"tutoriels","status":"publish","type":"page","link":"https:\/\/thetallguy.fr\/index.php\/tutoriels\/","title":{"rendered":"Tutoriels"},"content":{"rendered":"\n<figure class=\"wp-block-image alignleft size-medium\"><img loading=\"lazy\" decoding=\"async\" width=\"300\" height=\"300\" src=\"https:\/\/thetallguy.fr\/wp-content\/uploads\/2024\/12\/75208fb52e5266417f0670abc88d744891b30340b24c753f562c3b6cb60c38d2-300x300.jpg\" alt=\"\" class=\"wp-image-1175\" srcset=\"https:\/\/thetallguy.fr\/wp-content\/uploads\/2024\/12\/75208fb52e5266417f0670abc88d744891b30340b24c753f562c3b6cb60c38d2-300x300.jpg 300w, https:\/\/thetallguy.fr\/wp-content\/uploads\/2024\/12\/75208fb52e5266417f0670abc88d744891b30340b24c753f562c3b6cb60c38d2-150x150.jpg 150w, https:\/\/thetallguy.fr\/wp-content\/uploads\/2024\/12\/75208fb52e5266417f0670abc88d744891b30340b24c753f562c3b6cb60c38d2-768x768.jpg 768w, https:\/\/thetallguy.fr\/wp-content\/uploads\/2024\/12\/75208fb52e5266417f0670abc88d744891b30340b24c753f562c3b6cb60c38d2.jpg 1024w\" sizes=\"auto, (max-width: 300px) 100vw, 300px\" \/><\/figure>\n\n\n<ul class=\"wp-block-page-list\"><li class=\"wp-block-pages-list__item\"><a class=\"wp-block-pages-list__item__link\" href=\"https:\/\/thetallguy.fr\/index.php\/tutoriels\/convertir-un-fichier-avi-en-mpeg\/\">Convertir un fichier AVI en MPEG<\/a><\/li><li class=\"wp-block-pages-list__item\"><a class=\"wp-block-pages-list__item__link\" href=\"https:\/\/thetallguy.fr\/index.php\/tutoriels\/tutoriel-virtualdub\/\">Tutoriel VirtualDub<\/a><\/li><li class=\"wp-block-pages-list__item\"><a class=\"wp-block-pages-list__item__link\" href=\"https:\/\/thetallguy.fr\/index.php\/tutoriels\/video-carree-destinee-a-instagram\/\">Vid\u00e9o carr\u00e9e destin\u00e9e \u00e0 Instagram<\/a><\/li><\/ul>\n\n\n<p><\/p>\n","protected":false},"excerpt":{"rendered":"","protected":false},"author":1,"featured_media":0,"parent":0,"menu_order":0,"comment_status":"closed","ping_status":"closed","template":"page-basique-the-tall-guy","meta":{"footnotes":""},"class_list":["post-1171","page","type-page","status-publish","hentry"],"_links":{"self":[{"href":"https:\/\/thetallguy.fr\/index.php\/wp-json\/wp\/v2\/pages\/1171","targetHints":{"allow":["GET"]}}],"collection":[{"href":"https:\/\/thetallguy.fr\/index.php\/wp-json\/wp\/v2\/pages"}],"about":[{"href":"https:\/\/thetallguy.fr\/index.php\/wp-json\/wp\/v2\/types\/page"}],"author":[{"embeddable":true,"href":"https:\/\/thetallguy.fr\/index.php\/wp-json\/wp\/v2\/users\/1"}],"replies":[{"embeddable":true,"href":"https:\/\/thetallguy.fr\/index.php\/wp-json\/wp\/v2\/comments?post=1171"}],"version-history":[{"count":4,"href":"https:\/\/thetallguy.fr\/index.php\/wp-json\/wp\/v2\/pages\/1171\/revisions"}],"predecessor-version":[{"id":1178,"href":"https:\/\/thetallguy.fr\/index.php\/wp-json\/wp\/v2\/pages\/1171\/revisions\/1178"}],"wp:attachment":[{"href":"https:\/\/thetallguy.fr\/index.php\/wp-json\/wp\/v2\/media?parent=1171"}],"curies":[{"name":"wp","href":"https:\/\/api.w.org\/{rel}","templated":true}]}}