{"id":1159,"date":"2024-12-15T22:02:18","date_gmt":"2024-12-15T21:02:18","guid":{"rendered":"https:\/\/thetallguy.fr\/?page_id=1159"},"modified":"2024-12-15T22:24:15","modified_gmt":"2024-12-15T21:24:15","slug":"video-carree-destinee-a-instagram","status":"publish","type":"page","link":"https:\/\/thetallguy.fr\/index.php\/tutoriels\/video-carree-destinee-a-instagram\/","title":{"rendered":"Vid\u00e9o carr\u00e9e destin\u00e9e \u00e0 Instagram"},"content":{"rendered":"\n<pre class=\"wp-block-preformatted has-small-font-size\">Pour une vid\u00e9o carr\u00e9e destin\u00e9e \u00e0 Instagram, il est recommand\u00e9 de respecter les dimensions suivantes :<br><br>Taille id\u00e9ale pour une vid\u00e9o carr\u00e9e Instagram :<br>\t\u2022\tR\u00e9solution : 1080 x 1080 pixels.<br>\t\u2022\tFormat d\u2019image : 1:1 (carr\u00e9).<br><br>Autres recommandations pour Instagram :<br>\t1.\tFormat vid\u00e9o : MP4 (encod\u00e9 en H.264).<br>\t2.\tTaux d\u2019images par seconde (FPS) : Jusqu\u2019\u00e0 30 fps.<br>\t3.\tTaille maximale du fichier : 250 Mo pour une vid\u00e9o classique sur le feed.<br>\t4.\tDur\u00e9e :<br>\t\u2022\tFeed : Entre 3 secondes et 10 minutes.<br>\t\u2022\tReels : Jusqu\u2019\u00e0 90 secondes.<br>\t\u2022\tStories : Jusqu\u2019\u00e0 15 secondes par segment.<br><br>Pourquoi 1080 x 1080 ?<br>\t\u2022\tQualit\u00e9 optimale : Instagram redimensionne automatiquement les vid\u00e9os, donc une r\u00e9solution inf\u00e9rieure peut entra\u00eener une perte de qualit\u00e9.<br>\t\u2022\tCompatibilit\u00e9 universelle : Cette taille garantit que votre vid\u00e9o s\u2019affichera correctement sur tous les appareils.<br><br>Si vous utilisez VirtualDub, vous pouvez ajuster la taille dans les param\u00e8tres \u201cResize Filter\u201d pour atteindre ces dimensions exactes (1080 x 1080 pixels).<\/pre>\n","protected":false},"excerpt":{"rendered":"<p>Pour une vid\u00e9o carr\u00e9e destin\u00e9e \u00e0 Instagram, il est recommand\u00e9 de respecter les dimensions suivantes :Taille id\u00e9ale pour une vid\u00e9o carr\u00e9e Instagram : \u2022 R\u00e9solution : 1080 x 1080 pixels. \u2022 Format d\u2019image : 1:1 (carr\u00e9).Autres recommandations pour Instagram : 1. Format vid\u00e9o : MP4 (encod\u00e9 en H.264). 2. Taux d\u2019images par seconde (FPS) : [&hellip;]<\/p>\n","protected":false},"author":1,"featured_media":0,"parent":1171,"menu_order":0,"comment_status":"closed","ping_status":"closed","template":"page-basique-the-tall-guy","meta":{"footnotes":""},"class_list":["post-1159","page","type-page","status-publish","hentry"],"_links":{"self":[{"href":"https:\/\/thetallguy.fr\/index.php\/wp-json\/wp\/v2\/pages\/1159","targetHints":{"allow":["GET"]}}],"collection":[{"href":"https:\/\/thetallguy.fr\/index.php\/wp-json\/wp\/v2\/pages"}],"about":[{"href":"https:\/\/thetallguy.fr\/index.php\/wp-json\/wp\/v2\/types\/page"}],"author":[{"embeddable":true,"href":"https:\/\/thetallguy.fr\/index.php\/wp-json\/wp\/v2\/users\/1"}],"replies":[{"embeddable":true,"href":"https:\/\/thetallguy.fr\/index.php\/wp-json\/wp\/v2\/comments?post=1159"}],"version-history":[{"count":2,"href":"https:\/\/thetallguy.fr\/index.php\/wp-json\/wp\/v2\/pages\/1159\/revisions"}],"predecessor-version":[{"id":1162,"href":"https:\/\/thetallguy.fr\/index.php\/wp-json\/wp\/v2\/pages\/1159\/revisions\/1162"}],"up":[{"embeddable":true,"href":"https:\/\/thetallguy.fr\/index.php\/wp-json\/wp\/v2\/pages\/1171"}],"wp:attachment":[{"href":"https:\/\/thetallguy.fr\/index.php\/wp-json\/wp\/v2\/media?parent=1159"}],"curies":[{"name":"wp","href":"https:\/\/api.w.org\/{rel}","templated":true}]}}